{"id":741,"date":"2025-08-30T16:29:46","date_gmt":"2025-08-30T14:29:46","guid":{"rendered":"https:\/\/editionsloublondin.com\/?post_type=product&#038;p=741"},"modified":"2025-09-25T11:56:25","modified_gmt":"2025-09-25T09:56:25","slug":"miguel-de-unamuno-brouillard","status":"publish","type":"product","link":"https:\/\/editionsloublondin.com\/index.php\/produit\/miguel-de-unamuno-brouillard\/","title":{"rendered":"Miguel de Unamuno &#8211; Brouillard"},"content":{"rendered":"<p style=\"text-align: justify;\"><em>Brouillard <\/em>de Miguel de Unamuno fut publi\u00e9 en 1907 et connut un succ\u00e8s retentissant en Espagne. Dans les ann\u00e9es qui suivirent, il fut traduit en une quinzaine de langues pour devenir un succ\u00e8s mondial. Si l&#8217;on conna\u00eet encore quelques noms importants de cette &#8220;grande litt\u00e9rature europ\u00e9enne&#8221; qui se d\u00e9veloppe \u00e0 cheval entre le XIX<sup>e<\/sup> et le XX<sup>e<\/sup> si\u00e8cle (Kafka, Joyce, Pirandello&#8230;), celui de Miguel de Unamuno reste \u00e0 peu pr\u00e8s inconnu du public fran\u00e7ais. C&#8217;est pourtant, de cette g\u00e9n\u00e9ration d&#8217;\u00e9crivains morts quelques ann\u00e9es avant la Seconde Guerre Mondiale, l&#8217;un de ceux que l&#8217;on pourrait qualifier de plus <em>faciles<\/em> voire de plus <em>populaires<\/em>, sans pour autant enlever quoi que ce soit de la profondeur de son propos.<\/p>\n<p style=\"text-align: justify;\">L&#8217;intrigue de\u00a0<em>Brouillard\u00a0<\/em>se fonde sur des bases convenues : l&#8217;histoire d&#8217;Augusto, un jeune homme riche, oisif, intello, socialement paum\u00e9, en fait quasiment autiste, \u00e0 la conqu\u00eate d&#8217;Eugenia, une jeune et jolie jeune femme de bonne famille dont le c\u0153ur est d\u00e9j\u00e0 pris par un autre jeune oisif, mais celui-l\u00e0 ni paum\u00e9, ni intello, ni riche. Le sens du dialogue d&#8217;Unamuno et l&#8217;excentricit\u00e9 de ses personnages suffirait \u00e0 faire de ce petit triangle amoureux une tr\u00e8s sympathique com\u00e9die romantique. Mais c&#8217;est l\u00e0 que finit le <em>roman<\/em>, et que commence le <em>bruman<\/em>.<\/p>\n<p style=\"text-align: justify;\">&#8220;<em>La psychologie des c\u00e9libataires n\u2019est pas de la psychologie, c\u2019est de la m\u00e9taphysique<\/em>&#8220;, dit \u00e0 Augusto son ami Victor. Pris dans sa qu\u00eate amoureuse, dans l&#8217;id\u00e9alisation totale de l&#8217;objet de son d\u00e9sir, Augusto rentre, comme un Don Quichotte d&#8217;omnibus, dans une qu\u00eate, non seulement d&#8217;amour, mais d&#8217;Absolu ; une qu\u00eate du Beau et du Vrai, dans laquelle il va \u00e9puiser toutes les ressources de son intelligence et de sa sentimentalit\u00e9. Apr\u00e8s avoir abattu tous les moulins, \u00e9cout\u00e9 tous les Sancho, monologu\u00e9 \u00e0 son Rossinante de fortune, il va encore plus loin que l&#8217;ing\u00e9nieux hidalgo et finit par douter de sa propre existence. Car sa vie, en effet, ressemble un peu trop \u00e0 celle d&#8217;un personnage de roman.<\/p>\n<p style=\"text-align: justify;\">Toutes les fronti\u00e8res sont brouill\u00e9es : entre com\u00e9die et trag\u00e9die, r\u00e9alit\u00e9 et fiction. Le Dieu-Auteur Unamuno parodie tous les genres pour construire ce texte si singulier au rythme parfaitement ma\u00eetris\u00e9. Premi\u00e8re grande m\u00e9ta-fiction moderne, <em>Brouillard\u00a0<\/em>est certainement le chef-d\u2019\u0153uvre de son auteur, et un roman fondateur de la litt\u00e9rature moderne mondiale.<\/p>\n<p style=\"text-align: justify;\">Cette nouvelle traduction, adapt\u00e9e de la version donn\u00e9e en 1926 de No\u00e9mi Larthe, tente de restituer le rythme de la phrase unamunienne.<\/p>\n<p>&nbsp;<\/p>\n<p><strong>Lire un extrait<\/strong><\/p>\n","protected":false},"excerpt":{"rendered":"<p style=\"text-align: center;\"><strong>BRUMAN<br \/>\nNOUVELLE TRADUCTION<\/strong><\/p>\n<p>&nbsp;<\/p>\n<p style=\"text-align: justify;\">Miguel de Unamuno est un po\u00e8te, romancier, h\u00e9ll\u00e9niste et philosophe espagnol.<\/p>\n<p style=\"text-align: justify;\">Brouillard est son \u0153uvre narrative la plus embl\u00e9matique. Sous l\u2019aspect l\u00e9ger d\u2019une qu\u00eate amoureuse, il met en sc\u00e8ne la conduite d\u2019une existence sous le coup de l\u2019al\u00e9atoire, du doute, de l\u2019illusion, de la c\u00e9r\u00e9bralit\u00e9, avec la m\u00eame bouffonnerie tragique qu\u2019un Don Quichotte.<\/p>\n<p style=\"text-align: justify;\">Un brouillard s\u2019\u00e9paissit entre le vrai et le faux, le conscient et l\u2019inconscient, la r\u00e9alit\u00e9 et la fiction, entra\u00eenant le lecteur jusqu\u2019au doute de sa propre existence.<\/p>\n<p style=\"text-align: justify;\">Cette \u00e9dition reprend la traduction de No\u00e9mi Larthe de 1926, int\u00e9gralement r\u00e9vis\u00e9e pour la rapprocher de la fluidit\u00e9 du texte original.<\/p>\n","protected":false},"featured_media":754,"template":"","meta":{"kt_blocks_editor_width":""},"product_brand":[],"product_cat":[19,22,25],"product_tag":[],"class_list":{"0":"post-741","1":"product","2":"type-product","3":"status-publish","4":"has-post-thumbnail","6":"product_cat-catalogue","7":"product_cat-livres","8":"product_cat-voir-tout","10":"first","11":"instock","12":"taxable","13":"shipping-taxable","14":"purchasable","15":"product-type-simple"},"_links":{"self":[{"href":"https:\/\/editionsloublondin.com\/index.php\/wp-json\/wp\/v2\/product\/741","targetHints":{"allow":["GET"]}}],"collection":[{"href":"https:\/\/editionsloublondin.com\/index.php\/wp-json\/wp\/v2\/product"}],"about":[{"href":"https:\/\/editionsloublondin.com\/index.php\/wp-json\/wp\/v2\/types\/product"}],"wp:featuredmedia":[{"embeddable":true,"href":"https:\/\/editionsloublondin.com\/index.php\/wp-json\/wp\/v2\/media\/754"}],"wp:attachment":[{"href":"https:\/\/editionsloublondin.com\/index.php\/wp-json\/wp\/v2\/media?parent=741"}],"wp:term":[{"taxonomy":"product_brand","embeddable":true,"href":"https:\/\/editionsloublondin.com\/index.php\/wp-json\/wp\/v2\/product_brand?post=741"},{"taxonomy":"product_cat","embeddable":true,"href":"https:\/\/editionsloublondin.com\/index.php\/wp-json\/wp\/v2\/product_cat?post=741"},{"taxonomy":"product_tag","embeddable":true,"href":"https:\/\/editionsloublondin.com\/index.php\/wp-json\/wp\/v2\/product_tag?post=741"}],"curies":[{"name":"wp","href":"https:\/\/api.w.org\/{rel}","templated":true}]}}