{"id":657,"date":"2025-08-28T00:26:45","date_gmt":"2025-08-27T22:26:45","guid":{"rendered":"https:\/\/editionsloublondin.com\/?post_type=product&#038;p=657"},"modified":"2025-09-25T11:54:54","modified_gmt":"2025-09-25T09:54:54","slug":"jules-valles-les-refractaires","status":"publish","type":"product","link":"https:\/\/editionsloublondin.com\/index.php\/produit\/jules-valles-les-refractaires\/","title":{"rendered":"Jules Vall\u00e8s &#8211; Les R\u00e9fractaires"},"content":{"rendered":"<p style=\"text-align: justify;\"><em>Les R\u00e9fractaires<\/em> est le premier livre de Jules Vall\u00e8s, recueillant ses textes publi\u00e9s entre 1857 et 1864 dans la presse parisienne, de genre et de forme tr\u00e8s variables. Ils d\u00e9crivent l&#8217;existence d\u00e9raisonnable de cette foule disparate d&#8217;artistes rat\u00e9s, d&#8217;\u00e9tudiants jamais dipl\u00f4m\u00e9s et d&#8217;insurg\u00e9s vaincus, oscillant entre pauvret\u00e9 et ambition dans le Paris sordide du Second Empire. Le sens tragique et comique unique de l&#8217;auteur, son don du rythme et du ton, son orf\u00e8vrerie si ma\u00eetris\u00e9e du piquant qu&#8217;elle en devient d\u00e9chirante, font des <em>R\u00e9fractaires<\/em> le plus grand livre jamais \u00e9crit sur cette classe de d\u00e9class\u00e9s, d&#8217;irr\u00e9guliers, marginaux asservis \u00e0 leurs espoirs et \u00e9cras\u00e9s sous le poids imm\u00e9morial de l&#8217;Ordre. On a piti\u00e9, on se moque parfois, mais toujours pour rendre gr\u00e2ce \u00e0 ces personnages dans lesquels il serait suspect de ne pas se reconna\u00eetre.<\/p>\n<p style=\"text-align: justify;\">Dans ce XIX<sup>e<\/sup> si\u00e8cle d\u00e9bordant de r\u00e9cits de formation, de ces <em>rise-and-fall<\/em> balzaciens o\u00f9 la r\u00e9ussite individuelle est rendue tragique par la r\u00e9ussite des autres, Vall\u00e8s montre une toute autre r\u00e9alit\u00e9 : ceux qui restent coinc\u00e9s dans les cinquante premi\u00e8res pages du livre ou dans les dix derni\u00e8res : un <em>fall<\/em> perp\u00e9tuel sans aucun <em>rise.\u00a0<\/em>Ce roman de\u00a0<em>d\u00e9formation<\/em> invente un nouveau pr\u00e9sent dans la litt\u00e9rature : celui dont s&#8217;inspireront, un demi-si\u00e8cle plus tard, les grands romanciers r\u00e9alistes de l&#8217;entre-deux guerres.<\/p>\n<p style=\"text-align: justify;\">Le nom de Jules Vall\u00e8s est aujourd&#8217;hui peu connu du grand public. On ne le conna\u00eet que de loin. Il y a pourtant dans cette voix, et dans le monde qu&#8217;elle d\u00e9fend, des rem\u00e8des tr\u00e8s pr\u00e9cieux contre l&#8217;affreuse misanthropie contemporaine. Jules Vall\u00e8s est un grand artiste, et il est largement temps que tout le monde le sache.<\/p>\n<p style=\"text-align: justify;\">L&#8217;introduction de la pr\u00e9sente \u00e9dition, longue d&#8217;une trentaine de pages (biographie et pr\u00e9face), tente de d\u00e9fendre cette position en s&#8217;\u00e9cartant autant que possible du langage bourgeois-universitaire qui n&#8217;est pas sans responsabilit\u00e9 dans l&#8217;oubli relatif o\u00f9 g\u00eet Vall\u00e8s depuis bient\u00f4t quarante ans. Les quelques textes g\u00e9niaux (40 pages) int\u00e9gr\u00e9s en fin d&#8217;ouvrage devraient mettre d&#8217;accord, si besoin est, les lecteurs les plus sceptiques.<\/p>\n<p>&nbsp;<\/p>\n","protected":false},"excerpt":{"rendered":"<p style=\"text-align: center;\"><strong>ET AUTRES TEXTES G\u00c9NIAUX<\/strong><\/p>\n<p>&nbsp;<\/p>\n<p style=\"text-align: justify;\">Jules Vall\u00e8s est un \u00e9crivain vellave, un journaliste fran\u00e7ais et un r\u00e9volutionnaire parisien.<\/p>\n<p style=\"text-align: justify;\">La post\u00e9rit\u00e9, cette chienne, ne le retient que pour son chef d\u2019\u0153uvre autobiographique, <em>L\u2019Enfant.<\/em><\/p>\n<p style=\"text-align: justify;\">Toute \u0153uvre digne de ce nom se passe de chefs : il faut donc tout lire de Jules Vall\u00e8s, \u00e0 commencer par ce premier livre, testament d\u2019excommuni\u00e9s, de vaincus, de fous, bouffon et lyrique, concentr\u00e9 de d\u00e9sespoir et de puissance, qui contient certaines des pages les plus fortes jamais \u00e9crites sur la jeunesse.<\/p>\n<p style=\"text-align: justify;\">Cette \u00e9dition, pr\u00e9c\u00e9d\u00e9e d\u2019une biographie de l\u2019auteur et d\u2019une pr\u00e9face donnant les cl\u00e9s de lecture fondamentales, se veut accessible \u00e0 tout type de lecteur.<\/p>\n<p><strong><em>introduction et notes de Robin<\/em><\/strong><\/p>\n","protected":false},"featured_media":765,"template":"","meta":{"kt_blocks_editor_width":""},"product_brand":[],"product_cat":[19,22,25],"product_tag":[],"class_list":{"0":"post-657","1":"product","2":"type-product","3":"status-publish","4":"has-post-thumbnail","6":"product_cat-catalogue","7":"product_cat-livres","8":"product_cat-voir-tout","10":"first","11":"instock","12":"taxable","13":"shipping-taxable","14":"purchasable","15":"product-type-simple"},"_links":{"self":[{"href":"https:\/\/editionsloublondin.com\/index.php\/wp-json\/wp\/v2\/product\/657","targetHints":{"allow":["GET"]}}],"collection":[{"href":"https:\/\/editionsloublondin.com\/index.php\/wp-json\/wp\/v2\/product"}],"about":[{"href":"https:\/\/editionsloublondin.com\/index.php\/wp-json\/wp\/v2\/types\/product"}],"wp:featuredmedia":[{"embeddable":true,"href":"https:\/\/editionsloublondin.com\/index.php\/wp-json\/wp\/v2\/media\/765"}],"wp:attachment":[{"href":"https:\/\/editionsloublondin.com\/index.php\/wp-json\/wp\/v2\/media?parent=657"}],"wp:term":[{"taxonomy":"product_brand","embeddable":true,"href":"https:\/\/editionsloublondin.com\/index.php\/wp-json\/wp\/v2\/product_brand?post=657"},{"taxonomy":"product_cat","embeddable":true,"href":"https:\/\/editionsloublondin.com\/index.php\/wp-json\/wp\/v2\/product_cat?post=657"},{"taxonomy":"product_tag","embeddable":true,"href":"https:\/\/editionsloublondin.com\/index.php\/wp-json\/wp\/v2\/product_tag?post=657"}],"curies":[{"name":"wp","href":"https:\/\/api.w.org\/{rel}","templated":true}]}}