{"id":339,"date":"2020-09-07T17:32:53","date_gmt":"2020-09-07T15:32:53","guid":{"rendered":"http:\/\/editionsloublondin.com\/?post_type=product&#038;p=339"},"modified":"2025-09-25T11:57:14","modified_gmt":"2025-09-25T09:57:14","slug":"antonin-artaud-messages-revolutionnaires","status":"publish","type":"product","link":"https:\/\/editionsloublondin.com\/index.php\/produit\/antonin-artaud-messages-revolutionnaires\/","title":{"rendered":"Antonin Artaud \u2013 Messages R\u00e9volutionnaires"},"content":{"rendered":"<p style=\"text-align: justify;\">Le Mexique est en avance, mais il a du retard. Il a du retard parce qu&#8217;il court apr\u00e8s l&#8217;Europe, apr\u00e8s ses avant-gardes po\u00e9tiques, ses id\u00e9ologies, mais il a de l&#8217;avance parce qu&#8217;il lui reste une\u00a0<em>culture.\u00a0<\/em>Et cette culture, vivante encore dans les peuples ancestraux, transmet depuis des si\u00e8cles des secrets de vie qui, seuls, peuvent d\u00e9livrer l&#8217;Occident de sa d\u00e9cadence mat\u00e9rialiste.<\/p>\n<p style=\"text-align: justify;\">Il y a \u00e9videmment dans ces conf\u00e9rences d&#8217;Antonin Artaud, la part qu&#8217;il doit \u00e0 l&#8217;ethnologie de son temps. Mais s&#8217;arr\u00eater \u00e0 cela serait passer \u00e0 c\u00f4t\u00e9 du propos : il y a surtout dans ces textes la possibilit\u00e9 d&#8217;un renouveau artistique pour le monde entier, une r\u00e9invention totale de la notion de culture, qui n&#8217;est pas qu&#8217;un folklore, mais le moyen h\u00e9rit\u00e9 d&#8217;une communication supra-humaine.<\/p>\n<p style=\"text-align: justify;\">Et Artaud ne fait pas que le dire : comme acteur plus que comme conf\u00e9rencier, il l&#8217;incarne.<\/p>\n<p style=\"text-align: justify;\">Ces trois conf\u00e9rences donn\u00e9es \u00e0 l&#8217;Universit\u00e9 de Mexico en 1936 sont le sommet d&#8217;une expression philosophique vivante. Les \u00e9ditions courantes m\u00ealaient ces trois conf\u00e9rences \u00e0 d&#8217;autres textes \u00e9crits \u00e0 la m\u00eame \u00e9poque. Nous choisissons de ne publier que les trois textes d\u00e9sign\u00e9s par Artaud sous le titre de <em>Messages R\u00e9volutionnaires<\/em>.<\/p>\n","protected":false},"excerpt":{"rendered":"<p style=\"text-align: center;\"><strong><em>TROIS CONF\u00c9RENCES \u00c0 MEXICO<\/em><\/strong><\/p>\n<p style=\"text-align: justify;\">Antonin Artaud est le plus grand po\u00e8te fran\u00e7ais du XX<sup>e<\/sup> si\u00e8cle.<\/p>\n<p style=\"text-align: justify;\">Ces trois conf\u00e9rences donn\u00e9es \u00e0 l\u2019universit\u00e9 de Mexico en f\u00e9vrier 1936 repr\u00e9sentent l\u2019\u00e9nonciation la plus claire de sa pens\u00e9e politico-esth\u00e9tique, d\u00e9passant de loin des pr\u00e9occupations de son \u00e9poque coinc\u00e9e entre mat\u00e9rialisme social et mat\u00e9rialisme national.<\/p>\n<p style=\"text-align: justify;\">C\u2019est par des proc\u00e9d\u00e9s artistiques, c\u2019est-\u00e0-dire magiques, qu\u2019Antonin Artaud entend soigner la moribonde civilisation occidentale, apr\u00e8s l\u2019avoir mise \u00e0 bas une bonne fois pour toutes.<br \/>\nCette \u00e9dition reprend le texte original en int\u00e9gralit\u00e9, augment\u00e9e de dessins de l&#8217;auteur et d\u2019une notice biographique donnant l\u2019essentiel des cl\u00e9s pour le comprendre.<\/p>\n","protected":false},"featured_media":756,"template":"","meta":{"kt_blocks_editor_width":""},"product_brand":[],"product_cat":[19,22,25],"product_tag":[],"class_list":{"0":"post-339","1":"product","2":"type-product","3":"status-publish","4":"has-post-thumbnail","6":"product_cat-catalogue","7":"product_cat-livres","8":"product_cat-voir-tout","10":"first","11":"instock","12":"sold-individually","13":"taxable","14":"shipping-taxable","15":"purchasable","16":"product-type-simple"},"_links":{"self":[{"href":"https:\/\/editionsloublondin.com\/index.php\/wp-json\/wp\/v2\/product\/339","targetHints":{"allow":["GET"]}}],"collection":[{"href":"https:\/\/editionsloublondin.com\/index.php\/wp-json\/wp\/v2\/product"}],"about":[{"href":"https:\/\/editionsloublondin.com\/index.php\/wp-json\/wp\/v2\/types\/product"}],"wp:featuredmedia":[{"embeddable":true,"href":"https:\/\/editionsloublondin.com\/index.php\/wp-json\/wp\/v2\/media\/756"}],"wp:attachment":[{"href":"https:\/\/editionsloublondin.com\/index.php\/wp-json\/wp\/v2\/media?parent=339"}],"wp:term":[{"taxonomy":"product_brand","embeddable":true,"href":"https:\/\/editionsloublondin.com\/index.php\/wp-json\/wp\/v2\/product_brand?post=339"},{"taxonomy":"product_cat","embeddable":true,"href":"https:\/\/editionsloublondin.com\/index.php\/wp-json\/wp\/v2\/product_cat?post=339"},{"taxonomy":"product_tag","embeddable":true,"href":"https:\/\/editionsloublondin.com\/index.php\/wp-json\/wp\/v2\/product_tag?post=339"}],"curies":[{"name":"wp","href":"https:\/\/api.w.org\/{rel}","templated":true}]}}