{"id":363,"date":"2020-09-07T18:57:32","date_gmt":"2020-09-07T16:57:32","guid":{"rendered":"http:\/\/editionsloublondin.com\/?page_id=363"},"modified":"2025-09-22T12:08:28","modified_gmt":"2025-09-22T10:08:28","slug":"contact-2","status":"publish","type":"page","link":"https:\/\/editionsloublondin.com\/index.php\/contact-2\/","title":{"rendered":"Contact"},"content":{"rendered":"\n<p>Pour toute question, demande ou r\u00e9clamation, n&#8217;h\u00e9sitez pas \u00e0 nous contacter via ce formulaire de contact. Veuillez noter que pour le moment,<strong> nous ne prenons pas de manuscrits<\/strong>. <br><br><br><br><br><\/p>\n\n\n\n<p><\/p>\n\n\n<style>.kadence-form-363_de7a14-30 .kb-form .kadence-blocks-form-field .kb-forms-submit{color:#fcfcfc;background:#ffffff;}.kadence-form-363_de7a14-30 .kb-form .kadence-blocks-form-field .kb-forms-submit:hover, .kadence-form-363_de7a14-30 .kb-form .kadence-blocks-form-field .kb-forms-submit:focus {color:#d1d1d1;}.kb-form input.kadence-blocks-field.verify{opacity:0.0;position:absolute;top:0.0;left:0.0;width:0.0;height:0.0;z-index:-1;}<\/style>\n<div class=\"wp-block-kadence-form kadence-form-363_de7a14-30 kb-form-wrap\"><form class=\"kb-form\" action=\"\" method=\"post\"><div class=\"kadence-blocks-form-field kb-field-desk-width-100 kb-input-size-standard\"><label for=\"kb_field_363_de7a14-30_0\">Nom<\/label><input name=\"kb_field_0\" id=\"kb_field_363_de7a14-30_0\" data-label=\"Nom\" type=\"text\" placeholder=\"\" value=\"\" data-type=\"text\" class=\"kb-field kb-text-style-field kb-text-field kb-field-0\"\/><\/div><div class=\"kadence-blocks-form-field kb-form-field-1 kb-field-desk-width-100 kb-input-size-standard\"><label for=\"kb_field_363_de7a14-30_1\">Email<span class=\"required\">*<\/span><\/label><input name=\"kb_field_1\" id=\"kb_field_363_de7a14-30_1\" data-label=\"Email\" type=\"email\" placeholder=\"\" value=\"\" data-type=\"email\" class=\"kb-field kb-text-style-field kb-email-field kb-field-1\" data-required=\"yes\"\/><\/div><div class=\"kadence-blocks-form-field kb-form-field-2 kb-field-desk-width-100 kb-input-size-standard\"><label for=\"kb_field_363_de7a14-30_2\">Message<span class=\"required\">*<\/span><\/label><textarea name=\"kb_field_2\" id=\"kb_field_363_de7a14-30_2\" data-label=\"Message\" type=\"textarea\" placeholder=\"\" data-type=\"textarea\" class=\"kb-field kb-text-style-field kb-textarea-field kb-field-2\" rows=\"4\" data-required=\"yes\"><\/textarea><\/div><input type=\"hidden\" name=\"_kb_form_id\" value=\"363_de7a14-30\"\/><input type=\"hidden\" name=\"_kb_form_post_id\" value=\"363\"\/><input type=\"hidden\" name=\"action\" value=\"kb_process_ajax_submit\"\/><label class=\"kadence-verify-label\">Email<input class=\"kadence-blocks-field verify\" type=\"text\" name=\"_kb_verify_email\" autocomplete=\"new-password\" aria-hidden=\"true\" placeholder=\"Email\" tabindex=\"-1\" data-1p-ignore=\"true\" data-lpignore=\"true\" \/><\/label><div class=\"kadence-blocks-form-field kb-submit-field kb-field-desk-width-100\"><button class=\"kb-forms-submit button kb-button-size-standard kb-button-width-auto\">Envoyer<\/button><\/div><\/form><\/div>\n<noscript><div class=\"kadence-blocks-form-message kadence-blocks-form-warning\">Veuillez activer JavaScript dans votre navigateur pour envoyer le formulaire.<\/div><style>.kadence-form-363_de7a14-30 .kadence-blocks-form-field.kb-submit-field { display: none; }<\/style><\/noscript>\n\n\n<p>&nbsp;<\/p>\n","protected":false},"excerpt":{"rendered":"<p>Pour toute question, demande ou r\u00e9clamation, n&#8217;h\u00e9sitez pas \u00e0 nous contacter via ce formulaire de contact. Veuillez noter que pour le moment, nous ne prenons pas de manuscrits. &nbsp;<\/p>\n","protected":false},"author":1,"featured_media":0,"parent":0,"menu_order":0,"comment_status":"closed","ping_status":"closed","template":"","meta":{"kt_blocks_editor_width":"","footnotes":""},"class_list":["post-363","page","type-page","status-publish","hentry"],"_links":{"self":[{"href":"https:\/\/editionsloublondin.com\/index.php\/wp-json\/wp\/v2\/pages\/363","targetHints":{"allow":["GET"]}}],"collection":[{"href":"https:\/\/editionsloublondin.com\/index.php\/wp-json\/wp\/v2\/pages"}],"about":[{"href":"https:\/\/editionsloublondin.com\/index.php\/wp-json\/wp\/v2\/types\/page"}],"author":[{"embeddable":true,"href":"https:\/\/editionsloublondin.com\/index.php\/wp-json\/wp\/v2\/users\/1"}],"replies":[{"embeddable":true,"href":"https:\/\/editionsloublondin.com\/index.php\/wp-json\/wp\/v2\/comments?post=363"}],"version-history":[{"count":12,"href":"https:\/\/editionsloublondin.com\/index.php\/wp-json\/wp\/v2\/pages\/363\/revisions"}],"predecessor-version":[{"id":1247,"href":"https:\/\/editionsloublondin.com\/index.php\/wp-json\/wp\/v2\/pages\/363\/revisions\/1247"}],"wp:attachment":[{"href":"https:\/\/editionsloublondin.com\/index.php\/wp-json\/wp\/v2\/media?parent=363"}],"curies":[{"name":"wp","href":"https:\/\/api.w.org\/{rel}","templated":true}]}}