{"id":23,"date":"2020-07-10T16:11:49","date_gmt":"2020-07-10T14:11:49","guid":{"rendered":"http:\/\/editionsloublondin.com\/?page_id=23"},"modified":"2025-09-16T13:34:41","modified_gmt":"2025-09-16T11:34:41","slug":"contact","status":"publish","type":"page","link":"https:\/\/editionsloublondin.com\/index.php\/contact\/","title":{"rendered":"Les \u00e9ditions"},"content":{"rendered":"\n<div class=\"wp-block-columns is-layout-flex wp-container-core-columns-is-layout-9d6595d7 wp-block-columns-is-layout-flex\">\n<div class=\"wp-block-column is-layout-flow wp-block-column-is-layout-flow\">\n<p class=\"has-virtue-primary-color has-very-dark-gray-background-color has-text-color has-background has-link-color has-small-font-size wp-elements-071c2f072727ed224119bbcddd0a3e03\">&nbsp; Les \u00e9ditions Lou Blondin sont n\u00e9es en 2020 dans un studio lyonnais de 30m\u00b2 o\u00f9 vivaient ensemble Lou Blondin et Robin. Une dizaine de publications parurent, uniquement commercialis\u00e9es sur un site internet : une centaine de livres furent vendus. La r\u00e9alit\u00e9 mat\u00e9rielle du couple qui tenait les \u00e9ditions les contraignit \u00e0 mettre le projet en hibernation un an plus tard.<\/p>\n\n\n\n<p class=\"has-virtue-primary-color has-very-dark-gray-background-color has-text-color has-background has-link-color has-small-font-size wp-elements-f10730efdf8106ab5982626b955bf14d\">&nbsp; &nbsp; En 2023, l\u2019id\u00e9e de reprendre fait jour. C\u2019est \u00e0 la Chaise-Dieu, dans une maison pluri-centenaire, que se projette la nouvelle incarnation des \u00e9ditions. En 2025, une nouvelle salve de publications para\u00eet, le d\u00e9but d\u2019une longue s\u00e9rie.<\/p>\n\n\n\n<p>&nbsp;<\/p><p><p style=\"text-align: center;\">\u2766<\/p>\n<p>&nbsp;<\/p><\/p>\n\n\n\n<p><p style=\"text-align: justify;\">&nbsp; &nbsp; La litt\u00e9rature n\u2019int\u00e9resse \u00e0 peu pr\u00e8s personne.<\/p>\n<p>&nbsp;<\/p><\/p>\n\n\n\n<p><p style=\"text-align: justify;\">&nbsp; &nbsp; C\u2019est bien normal : il ne s\u2019\u00e9tale aux yeux du pauvre monde que l&#8217;\u00e9cole moribonde des \u00ab classiques \u00bb et la manne d\u00e9solante des \u00ab nouveaut\u00e9s \u00bb ; anciens jeunes et nouveaux vieux, bourgeois ou embourgeois\u00e9s, professoraux, biblioth\u00e9quis\u00e9s\u2026 De ces cadavres, on n\u2019attrape que les id\u00e9es-re\u00e7ues qui volent au-dessus comme des mouches : Intimit\u00e9, Sentimentalit\u00e9, Famille\u2026 \u00c0 vous d\u00e9go\u00fbter de lire quoi que ce soit, de peur de bourdonner du m\u00eame ronron que ces Anges de la D\u00e9jection.<\/p>\n<p>&nbsp;<\/p><\/p>\n\n\n\n<p><p style=\"text-align: justify;\">&nbsp; &nbsp; Mais elle nous int\u00e9resse, nous.<\/p>\n<p>&nbsp;<\/p><\/p>\n\n\n\n<p><p style=\"text-align: justify;\">&nbsp; &nbsp; Parce que loin du monde, dans le monast\u00e8re d\u00e9froqu\u00e9 de la Litt\u00e9rature, errent encore quelques Saints r\u00e9prouv\u00e9s. Et nous voil\u00e0, \u00e0 vouloir sauver ce qui peut l\u2019\u00eatre encore des griffes de l\u2019Acad\u00e9mie de la Banalit\u00e9, extirper de toute r\u00e9cup\u00e9ration, quand c\u2019est encore possible, les solitaires qui traversent en furie l\u2019oc\u00e9an ti\u00e8de des lettres, morts ou vivants, purs ou impurs, imb\u00e9ciles ou g\u00e9nies. Nous croyons encore qu\u2019une seule page lue au moment supr\u00eame peut faire basculer un individu du d\u00e9sespoir \u00e0 la vie, et une soci\u00e9t\u00e9 de l\u2019indiff\u00e9rence \u00e0 l\u2019insurrection.\/p>\n<p>&nbsp;<\/p><\/p>\n\n\n\n<p><p style=\"text-align: justify;\">&nbsp; &nbsp; Romantiques invocations que vous auriez tort de balayer d\u2019un demi-sourire : car l\u2019autre moiti\u00e9 de ce sourire est une grimace d\u2019impuissance.<\/p>\n<p>&nbsp;<\/p><\/p>\n\n\n\n<p><p style=\"text-align: justify;\">&nbsp; &nbsp; Il y a des voix et des styles qui ont hurl\u00e9 dans le vide de leur post\u00e9rit\u00e9 et hurlent encore dans les ge\u00f4les de leur Panth\u00e9on. Il y en a aujourd\u2019hui qui se perdent dans les champs et les caniveaux \u2014 chiens sans meute, rats sans famille ! Il y a celles qu\u2019on entendit un jour et qu\u2019on oublia le lendemain ; celles qu\u2019on croyait entendre, mais auxquelles on ne comprenait rien. C\u2019est pr\u00e9cis\u00e9ment parce qu\u2019on ne les a pas entendus, ou qu\u2019on ne les entend pas, que ce qu\u2019ils ont eu \u00e0 dire demeure in\u00e9dit.<\/p>\n<p>&nbsp;<\/p><\/p>\n\n\n\n<p><p style=\"text-align: center;\">\u2766<\/p>\n<p>&nbsp;<\/p><\/p>\n\n\n\n<p><p style=\"text-align: justify;\">&nbsp; &nbsp; Les \u00e9ditions Lou Blondin participent \u00e0 l\u2019\u0153uvre de r\u00e9\u00e9valuation des marges de l\u2019histoire litt\u00e9raire. De toutes les marges, autant que possible : du po\u00e8te anarchiste chr\u00e9tien au m\u00e9taphysicien herm\u00e9tico-fasciste, du bon-\u00e0-rien accidentellement g\u00e9nial au g\u00e9nie volontairement rat\u00e9 ; tout ce qui peut heurter le c\u0153ur, alimenter l\u2019inconscient, embrouiller l\u2019intelligence, confondre l\u2019id\u00e9e-re\u00e7ue, est bienvenu chez nous. On s\u2019y efforcera de faire honneur \u00e0 ceux qui tomb\u00e8rent au combat, sans hagiographie hypocrite ni pompe universitaire.<\/p>\n<p>&nbsp;<\/p><\/p>\n\n\n\n<p><p style=\"text-align: justify;\">&nbsp; &nbsp; &nbsp;Nous cherchons, nous cherchons\u2026 Dans les anthologies, les archives, les encyclop\u00e9dies, quelqu\u2019un qui puisse convaincre cette plan\u00e8te que la litt\u00e9rature est encore vivante. C\u2019est du c\u00f4t\u00e9 des morts que nous cherchons. Non que nous doutions des vivants : mais ils sont plus chers \u00e0 entretenir. Cela viendra aussi.<\/p>\n<p>&nbsp;<\/p><\/p>\n\n\n\n<p><p style=\"text-align: justify;\">&nbsp; &nbsp; &nbsp;Notre m\u00e9tier, fondamentalement, est de donner un corps \u00e0 un texte. Les \u00c9ditions Lou Blondin sont moins une maison d\u2019\u00e9dition qu\u2019une chartreuse d\u2019\u00e9dition : nous y imprimons les livres nous-m\u00eames, nous les relions, nous les fabriquons enti\u00e8rement, du concept \u00e0 la mati\u00e8re. Chaque livre est un objet unique, avec ses d\u00e9fauts particuliers, les quelques taches qui le distinguent, sa fermentation \u00e0 lui\u2026 Autant que possible, nous d\u00e9standardisons le livre, les \u0153uvres, la critique\u2026<\/p>\n<p>&nbsp;<\/p><\/p>\n\n\n\n<p><p style=\"text-align: justify;\">&nbsp; &nbsp; Une fois le texte incorpor\u00e9, sorti de son \u00c9den, il faut le v\u00eatir\u2026 C\u2019est \u00e0 cet usage que se destinent les pr\u00e9faces, notes, introductions biographiques que nous produisons : sans m\u00e9thode, sans pincettes, toujours en s&#8217;adaptant au texte, au ton du texte, pour ne pas l\u2019arracher \u00e0 son auteur. Chaque \u00ab appareil critique \u00bb doit \u00eatre fid\u00e8le \u00e0 l\u2019auteur, pour permettre au lecteur de le comprendre litt\u00e9rairement, plus encore qu\u2019intellectuellement.<\/p>\n<p>&nbsp;<\/p><\/p>\n\n\n\n<p><p style=\"text-align: justify;\">&nbsp; &nbsp; Les \u00c9ditions Lou Blondin sont une ZAD \u00e9ditoriale. On n\u2019y prendra pas les lecteurs de haut, ni on ne les y prendra pour des idiots. Le lecteur, en \u00e9change, nous donnera un peu d\u2019argent, et fera l\u2019effort minimal de compr\u00e9hension qu\u2019exigeront de lui les textes que nous lui pr\u00e9senterons.<\/p>\n<p>&nbsp;<\/p><\/p>\n<\/div>\n\n\n\n<div class=\"wp-block-column is-layout-flow wp-block-column-is-layout-flow\"><style>.kb-image23_9dac8f-6d .kb-image-has-overlay:after{opacity:0.3;}<\/style>\n<figure class=\"wp-block-kadence-image kb-image23_9dac8f-6d size-full\"><img loading=\"lazy\" decoding=\"async\" width=\"320\" height=\"996\" src=\"https:\/\/editionsloublondin.com\/wp-content\/uploads\/2025\/09\/1.png\" alt=\"\" class=\"kb-img wp-image-812\"\/><\/figure>\n\n\n<style>.kb-image23_7ecc78-6c .kb-image-has-overlay:after{opacity:0.3;}<\/style>\n<figure class=\"wp-block-kadence-image kb-image23_7ecc78-6c size-full\"><img loading=\"lazy\" decoding=\"async\" width=\"320\" height=\"996\" src=\"https:\/\/editionsloublondin.com\/wp-content\/uploads\/2025\/09\/2.png\" alt=\"\" class=\"kb-img wp-image-814\"\/><\/figure>\n<\/div>\n<\/div>\n","protected":false},"excerpt":{"rendered":"<p>&nbsp; Les \u00e9ditions Lou Blondin sont n\u00e9es en 2020 dans un studio lyonnais de 30m\u00b2 o\u00f9 vivaient ensemble Lou Blondin et Robin. Une dizaine de publications parurent, uniquement commercialis\u00e9es sur un site internet : une centaine de livres furent vendus. &hellip; <a href=\"https:\/\/editionsloublondin.com\/index.php\/contact\/\">Lire la suite\u00ad\u00ad<\/a><\/p>\n","protected":false},"author":1,"featured_media":0,"parent":0,"menu_order":0,"comment_status":"closed","ping_status":"closed","template":"","meta":{"kt_blocks_editor_width":"","footnotes":""},"class_list":["post-23","page","type-page","status-publish","hentry"],"_links":{"self":[{"href":"https:\/\/editionsloublondin.com\/index.php\/wp-json\/wp\/v2\/pages\/23","targetHints":{"allow":["GET"]}}],"collection":[{"href":"https:\/\/editionsloublondin.com\/index.php\/wp-json\/wp\/v2\/pages"}],"about":[{"href":"https:\/\/editionsloublondin.com\/index.php\/wp-json\/wp\/v2\/types\/page"}],"author":[{"embeddable":true,"href":"https:\/\/editionsloublondin.com\/index.php\/wp-json\/wp\/v2\/users\/1"}],"replies":[{"embeddable":true,"href":"https:\/\/editionsloublondin.com\/index.php\/wp-json\/wp\/v2\/comments?post=23"}],"version-history":[{"count":41,"href":"https:\/\/editionsloublondin.com\/index.php\/wp-json\/wp\/v2\/pages\/23\/revisions"}],"predecessor-version":[{"id":938,"href":"https:\/\/editionsloublondin.com\/index.php\/wp-json\/wp\/v2\/pages\/23\/revisions\/938"}],"wp:attachment":[{"href":"https:\/\/editionsloublondin.com\/index.php\/wp-json\/wp\/v2\/media?parent=23"}],"curies":[{"name":"wp","href":"https:\/\/api.w.org\/{rel}","templated":true}]}}