{"id":1021,"date":"2025-09-17T11:09:03","date_gmt":"2025-09-17T09:09:03","guid":{"rendered":"https:\/\/editionsloublondin.com\/?page_id=1021"},"modified":"2025-09-17T11:09:05","modified_gmt":"2025-09-17T09:09:05","slug":"newsletter","status":"publish","type":"page","link":"https:\/\/editionsloublondin.com\/index.php\/newsletter\/","title":{"rendered":"Newsletter"},"content":{"rendered":"<script>(function() {\n\twindow.mc4wp = window.mc4wp || {\n\t\tlisteners: [],\n\t\tforms: {\n\t\t\ton: function(evt, cb) {\n\t\t\t\twindow.mc4wp.listeners.push(\n\t\t\t\t\t{\n\t\t\t\t\t\tevent   : evt,\n\t\t\t\t\t\tcallback: cb\n\t\t\t\t\t}\n\t\t\t\t);\n\t\t\t}\n\t\t}\n\t}\n})();\n<\/script><!-- Mailchimp for WordPress v4.12.1 - https:\/\/wordpress.org\/plugins\/mailchimp-for-wp\/ --><form id=\"mc4wp-form-1\" class=\"mc4wp-form mc4wp-form-795 mc4wp-form-theme mc4wp-form-theme-dark\" method=\"post\" data-id=\"795\" data-name=\"ejioed\" ><div class=\"mc4wp-form-fields\">    <h1>S'inscrire \u00e0 la Newsletter<\/h1>\r\n<p> Ne ratez rien des prochaines publications des \u00c9ditions Lou Blondin en vous inscrivant \u00e0 notre newsletter ! (On ne risque pas de vous harceler immod\u00e9r\u00e9ment)<\/p>\r\n<p>&nbsp <\/p>\r\n   <div class=\"form-input-material\">\r\n\r\n\t\t<input type=\"email\" id=\"email\" name=\"EMAIL\" placeholder=\"Votre adresse e-mail\" required autocomplete=\"off\" class=\"form-control-material\" required >\r\n     <p>&nbsp<\/p>\r\n         <label for=\"username\"><\/label>\r\n     &nbsp\r\n\r\n<p>\r\n  <button type=\"submit\" class=\"btn btn-primary btn-ghost\">S'inscrire<\/button>\r\n<\/p>\r\n\r\n\r\n<\/div><label style=\"display: none !important;\">Laissez ce champ vide si vous \u00eates humain\u00a0: <input type=\"text\" name=\"_mc4wp_honeypot\" value=\"\" tabindex=\"-1\" autocomplete=\"off\" \/><\/label><input type=\"hidden\" name=\"_mc4wp_timestamp\" value=\"1776523790\" \/><input type=\"hidden\" name=\"_mc4wp_form_id\" value=\"795\" \/><input type=\"hidden\" name=\"_mc4wp_form_element_id\" value=\"mc4wp-form-1\" \/><div class=\"mc4wp-response\"><\/div><\/form><!-- \/ Mailchimp for WordPress Plugin -->\n","protected":false},"excerpt":{"rendered":"","protected":false},"author":1,"featured_media":0,"parent":0,"menu_order":0,"comment_status":"closed","ping_status":"closed","template":"","meta":{"kt_blocks_editor_width":"","footnotes":""},"class_list":["post-1021","page","type-page","status-publish","hentry"],"_links":{"self":[{"href":"https:\/\/editionsloublondin.com\/index.php\/wp-json\/wp\/v2\/pages\/1021","targetHints":{"allow":["GET"]}}],"collection":[{"href":"https:\/\/editionsloublondin.com\/index.php\/wp-json\/wp\/v2\/pages"}],"about":[{"href":"https:\/\/editionsloublondin.com\/index.php\/wp-json\/wp\/v2\/types\/page"}],"author":[{"embeddable":true,"href":"https:\/\/editionsloublondin.com\/index.php\/wp-json\/wp\/v2\/users\/1"}],"replies":[{"embeddable":true,"href":"https:\/\/editionsloublondin.com\/index.php\/wp-json\/wp\/v2\/comments?post=1021"}],"version-history":[{"count":2,"href":"https:\/\/editionsloublondin.com\/index.php\/wp-json\/wp\/v2\/pages\/1021\/revisions"}],"predecessor-version":[{"id":1023,"href":"https:\/\/editionsloublondin.com\/index.php\/wp-json\/wp\/v2\/pages\/1021\/revisions\/1023"}],"wp:attachment":[{"href":"https:\/\/editionsloublondin.com\/index.php\/wp-json\/wp\/v2\/media?parent=1021"}],"curies":[{"name":"wp","href":"https:\/\/api.w.org\/{rel}","templated":true}]}}